{"id":601,"date":"2019-12-16T17:14:43","date_gmt":"2019-12-16T17:14:43","guid":{"rendered":"http:\/\/www.aix.web.tr\/?page_id=601"},"modified":"2022-05-09T09:17:41","modified_gmt":"2022-05-09T09:17:41","slug":"basvuru-formu","status":"publish","type":"page","link":"https:\/\/aix.web.tr\/en\/basvuru\/basvuru-formu\/","title":{"rendered":"Ba\u015fvuru Formu"},"content":{"rendered":"\t\t<div data-elementor-type=\"wp-page\" data-elementor-id=\"601\" class=\"elementor elementor-601\">\n\t\t\t\t\t\t<section class=\"elementor-section elementor-top-section elementor-element elementor-element-0b6bb84 elementor-section-stretched elementor-hidden-tablet elementor-hidden-phone elementor-section-boxed elementor-section-height-default elementor-section-height-default\" data-id=\"0b6bb84\" data-element_type=\"section\" data-e-type=\"section\" data-settings=\"{&quot;stretch_section&quot;:&quot;section-stretched&quot;}\">\n\t\t\t\t\t\t<div class=\"elementor-container elementor-column-gap-default\">\n\t\t\t\t\t<div class=\"elementor-column elementor-col-100 elementor-top-column elementor-element elementor-element-6c1fa07\" data-id=\"6c1fa07\" data-element_type=\"column\" data-e-type=\"column\">\n\t\t\t<div class=\"elementor-widget-wrap elementor-element-populated\">\n\t\t\t\t\t\t<div class=\"elementor-element elementor-element-487f8a5 elementor-widget elementor-widget-shortcode\" data-id=\"487f8a5\" data-element_type=\"widget\" data-e-type=\"widget\" data-widget_type=\"shortcode.default\">\n\t\t\t\t<div class=\"elementor-widget-container\">\n\t\t\t\t\t\t\t<div class=\"elementor-shortcode\">\t\t<div data-elementor-type=\"wp-post\" data-elementor-id=\"1494\" class=\"elementor elementor-1494\">\n\t\t\t\t\t\t<section class=\"elementor-section elementor-top-section elementor-element elementor-element-6a0c6bf elementor-section-height-min-height elementor-section-stretched elementor-hidden-tablet elementor-hidden-phone elementor-section-boxed elementor-section-height-default elementor-section-items-middle\" data-id=\"6a0c6bf\" data-element_type=\"section\" data-e-type=\"section\" data-settings=\"{&quot;background_background&quot;:&quot;classic&quot;,&quot;stretch_section&quot;:&quot;section-stretched&quot;}\">\n\t\t\t\t\t\t<div class=\"elementor-container elementor-column-gap-default\">\n\t\t\t\t\t<div class=\"elementor-column elementor-col-33 elementor-top-column elementor-element elementor-element-0f33f4b\" data-id=\"0f33f4b\" data-element_type=\"column\" data-e-type=\"column\">\n\t\t\t<div class=\"elementor-widget-wrap elementor-element-populated\">\n\t\t\t\t\t\t<div class=\"elementor-element elementor-element-e3797c5 elementor-icon-list--layout-inline elementor-align-center animated-slow elementor-list-item-link-full_width elementor-invisible elementor-widget elementor-widget-icon-list\" data-id=\"e3797c5\" data-element_type=\"widget\" data-e-type=\"widget\" data-settings=\"{&quot;_animation&quot;:&quot;fadeInLeft&quot;}\" data-widget_type=\"icon-list.default\">\n\t\t\t\t<div class=\"elementor-widget-container\">\n\t\t\t\t\t\t\t<ul class=\"elementor-icon-list-items elementor-inline-items\">\n\t\t\t\t\t\t\t<li class=\"elementor-icon-list-item elementor-inline-item\">\n\t\t\t\t\t\t\t\t\t\t\t<a href=\"https:\/\/aix.web.tr\">\n\n\t\t\t\t\t\t\t\t\t\t\t<span class=\"elementor-icon-list-text\">ANA SAYFA<\/span>\n\t\t\t\t\t\t\t\t\t\t\t<\/a>\n\t\t\t\t\t\t\t\t\t<\/li>\n\t\t\t\t\t\t\t\t<li class=\"elementor-icon-list-item elementor-inline-item\">\n\t\t\t\t\t\t\t\t\t\t\t<a href=\"https:\/\/aix.web.tr\/hakkimizda\/\">\n\n\t\t\t\t\t\t\t\t\t\t\t<span class=\"elementor-icon-list-text\">HAKKIMIZDA<\/span>\n\t\t\t\t\t\t\t\t\t\t\t<\/a>\n\t\t\t\t\t\t\t\t\t<\/li>\n\t\t\t\t\t\t\t\t<li class=\"elementor-icon-list-item elementor-inline-item\">\n\t\t\t\t\t\t\t\t\t\t\t<a href=\"https:\/\/aix.web.tr\/arastirmalar\/\">\n\n\t\t\t\t\t\t\t\t\t\t\t<span class=\"elementor-icon-list-text\">ARA\u015eTIRMALAR<\/span>\n\t\t\t\t\t\t\t\t\t\t\t<\/a>\n\t\t\t\t\t\t\t\t\t<\/li>\n\t\t\t\t\t\t\t\t<li class=\"elementor-icon-list-item elementor-inline-item\">\n\t\t\t\t\t\t\t\t\t\t\t<a href=\"https:\/\/aix.web.tr\/blog\/\">\n\n\t\t\t\t\t\t\t\t\t\t\t<span class=\"elementor-icon-list-text\">BLOG 4.0<\/span>\n\t\t\t\t\t\t\t\t\t\t\t<\/a>\n\t\t\t\t\t\t\t\t\t<\/li>\n\t\t\t\t\t\t<\/ul>\n\t\t\t\t\t\t<\/div>\n\t\t\t\t<\/div>\n\t\t\t\t\t<\/div>\n\t\t<\/div>\n\t\t\t\t<div class=\"elementor-column elementor-col-33 elementor-top-column elementor-element elementor-element-ea69513\" data-id=\"ea69513\" data-element_type=\"column\" data-e-type=\"column\">\n\t\t\t<div class=\"elementor-widget-wrap elementor-element-populated\">\n\t\t\t\t\t\t<div class=\"elementor-element elementor-element-bff95a7 animated-slow elementor-invisible elementor-widget elementor-widget-image\" data-id=\"bff95a7\" data-element_type=\"widget\" data-e-type=\"widget\" data-settings=\"{&quot;_animation&quot;:&quot;zoomIn&quot;}\" data-widget_type=\"image.default\">\n\t\t\t\t<div class=\"elementor-widget-container\">\n\t\t\t\t\t\t\t\t\t\t\t\t\t\t\t\t<a href=\"https:\/\/aix.web.tr\/\">\n\t\t\t\t\t\t\t<img fetchpriority=\"high\" decoding=\"async\" width=\"1667\" height=\"790\" src=\"https:\/\/aix.web.tr\/wp-content\/uploads\/2020\/07\/aix-logo.png\" class=\"attachment-full size-full wp-image-3104\" alt=\"Aix Logo\" srcset=\"https:\/\/aix.web.tr\/wp-content\/uploads\/2020\/07\/aix-logo.png 1667w, https:\/\/aix.web.tr\/wp-content\/uploads\/2020\/07\/aix-logo-300x142.png 300w, https:\/\/aix.web.tr\/wp-content\/uploads\/2020\/07\/aix-logo-1024x485.png 1024w, https:\/\/aix.web.tr\/wp-content\/uploads\/2020\/07\/aix-logo-768x364.png 768w, https:\/\/aix.web.tr\/wp-content\/uploads\/2020\/07\/aix-logo-1536x728.png 1536w, https:\/\/aix.web.tr\/wp-content\/uploads\/2020\/07\/aix-logo-18x9.png 18w\" sizes=\"(max-width: 1667px) 100vw, 1667px\" \/>\t\t\t\t\t\t\t\t<\/a>\n\t\t\t\t\t\t\t\t\t\t\t\t\t\t\t<\/div>\n\t\t\t\t<\/div>\n\t\t\t\t\t<\/div>\n\t\t<\/div>\n\t\t\t\t<div class=\"elementor-column elementor-col-33 elementor-top-column elementor-element elementor-element-c9c0555\" data-id=\"c9c0555\" data-element_type=\"column\" data-e-type=\"column\">\n\t\t\t<div class=\"elementor-widget-wrap elementor-element-populated\">\n\t\t\t\t\t\t<div class=\"elementor-element elementor-element-1c86e38 elementor-icon-list--layout-inline elementor-align-center animated-slow elementor-list-item-link-full_width elementor-invisible elementor-widget elementor-widget-icon-list\" data-id=\"1c86e38\" data-element_type=\"widget\" data-e-type=\"widget\" data-settings=\"{&quot;_animation&quot;:&quot;fadeInRight&quot;}\" data-widget_type=\"icon-list.default\">\n\t\t\t\t<div class=\"elementor-widget-container\">\n\t\t\t\t\t\t\t<ul class=\"elementor-icon-list-items elementor-inline-items\">\n\t\t\t\t\t\t\t<li class=\"elementor-icon-list-item elementor-inline-item\">\n\t\t\t\t\t\t\t\t\t\t\t<a href=\"https:\/\/aix.web.tr\/ders\/\">\n\n\t\t\t\t\t\t\t\t\t\t\t<span class=\"elementor-icon-list-text\">DERS<\/span>\n\t\t\t\t\t\t\t\t\t\t\t<\/a>\n\t\t\t\t\t\t\t\t\t<\/li>\n\t\t\t\t\t\t\t\t<li class=\"elementor-icon-list-item elementor-inline-item\">\n\t\t\t\t\t\t\t\t\t\t\t<a href=\"https:\/\/aix.web.tr\/konusmalar\/\">\n\n\t\t\t\t\t\t\t\t\t\t\t<span class=\"elementor-icon-list-text\">KONU\u015eMALAR<\/span>\n\t\t\t\t\t\t\t\t\t\t\t<\/a>\n\t\t\t\t\t\t\t\t\t<\/li>\n\t\t\t\t\t\t\t\t<li class=\"elementor-icon-list-item elementor-inline-item\">\n\t\t\t\t\t\t\t\t\t\t\t<a href=\"https:\/\/aix.web.tr\/iletisim\/\">\n\n\t\t\t\t\t\t\t\t\t\t\t<span class=\"elementor-icon-list-text\">\u0130LET\u0130\u015e\u0130M<\/span>\n\t\t\t\t\t\t\t\t\t\t\t<\/a>\n\t\t\t\t\t\t\t\t\t<\/li>\n\t\t\t\t\t\t\t\t<li class=\"elementor-icon-list-item elementor-inline-item\">\n\t\t\t\t\t\t\t\t\t\t\t<a href=\"https:\/\/aix.web.tr\/basvuru\/\">\n\n\t\t\t\t\t\t\t\t\t\t\t<span class=\"elementor-icon-list-text\">EK\u0130BE KATIL<\/span>\n\t\t\t\t\t\t\t\t\t\t\t<\/a>\n\t\t\t\t\t\t\t\t\t<\/li>\n\t\t\t\t\t\t<\/ul>\n\t\t\t\t\t\t<\/div>\n\t\t\t\t<\/div>\n\t\t\t\t\t<\/div>\n\t\t<\/div>\n\t\t\t\t\t<\/div>\n\t\t<\/section>\n\t\t\t\t<\/div>\n\t\t<\/div>\n\t\t\t\t\t\t<\/div>\n\t\t\t\t<\/div>\n\t\t\t\t\t<\/div>\n\t\t<\/div>\n\t\t\t\t\t<\/div>\n\t\t<\/section>\n\t\t\t\t<section class=\"elementor-section elementor-top-section elementor-element elementor-element-4bf8cbe8 elementor-section-stretched elementor-section-boxed elementor-section-height-default elementor-section-height-default\" data-id=\"4bf8cbe8\" data-element_type=\"section\" data-e-type=\"section\" data-settings=\"{&quot;stretch_section&quot;:&quot;section-stretched&quot;,&quot;background_background&quot;:&quot;slideshow&quot;,&quot;background_slideshow_gallery&quot;:[{&quot;id&quot;:531,&quot;url&quot;:&quot;http:\\\/\\\/www.aix.web.tr\\\/wp-content\\\/uploads\\\/2019\\\/12\\\/ezgif.com-video-to-gif-1.gif&quot;}],&quot;shape_divider_bottom&quot;:&quot;mountains&quot;,&quot;background_slideshow_loop&quot;:&quot;yes&quot;,&quot;background_slideshow_slide_duration&quot;:5000,&quot;background_slideshow_slide_transition&quot;:&quot;fade&quot;,&quot;background_slideshow_transition_duration&quot;:500}\">\n\t\t\t\t\t\t\t<div class=\"elementor-background-overlay\"><\/div>\n\t\t\t\t\t\t<div class=\"elementor-shape elementor-shape-bottom\" aria-hidden=\"true\" data-negative=\"false\">\n\t\t\t<svg xmlns=\"http:\/\/www.w3.org\/2000\/svg\" viewBox=\"0 0 1000 100\" preserveAspectRatio=\"none\">\n\t<path class=\"elementor-shape-fill\" opacity=\"0.33\" d=\"M473,67.3c-203.9,88.3-263.1-34-320.3,0C66,119.1,0,59.7,0,59.7V0h1000v59.7 c0,0-62.1,26.1-94.9,29.3c-32.8,3.3-62.8-12.3-75.8-22.1C806,49.6,745.3,8.7,694.9,4.7S492.4,59,473,67.3z\"\/>\n\t<path class=\"elementor-shape-fill\" opacity=\"0.66\" d=\"M734,67.3c-45.5,0-77.2-23.2-129.1-39.1c-28.6-8.7-150.3-10.1-254,39.1 s-91.7-34.4-149.2,0C115.7,118.3,0,39.8,0,39.8V0h1000v36.5c0,0-28.2-18.5-92.1-18.5C810.2,18.1,775.7,67.3,734,67.3z\"\/>\n\t<path class=\"elementor-shape-fill\" d=\"M766.1,28.9c-200-57.5-266,65.5-395.1,19.5C242,1.8,242,5.4,184.8,20.6C128,35.8,132.3,44.9,89.9,52.5C28.6,63.7,0,0,0,0 h1000c0,0-9.9,40.9-83.6,48.1S829.6,47,766.1,28.9z\"\/>\n<\/svg>\t\t<\/div>\n\t\t\t\t\t<div class=\"elementor-container elementor-column-gap-default\">\n\t\t\t\t\t<div class=\"elementor-column elementor-col-100 elementor-top-column elementor-element elementor-element-42defe23\" data-id=\"42defe23\" data-element_type=\"column\" data-e-type=\"column\">\n\t\t\t<div class=\"elementor-widget-wrap elementor-element-populated\">\n\t\t\t\t\t\t<div class=\"elementor-element elementor-element-6277917e elementor-widget elementor-widget-heading\" data-id=\"6277917e\" data-element_type=\"widget\" data-e-type=\"widget\" data-widget_type=\"heading.default\">\n\t\t\t\t<div class=\"elementor-widget-container\">\n\t\t\t\t\t<h1 class=\"elementor-heading-title elementor-size-default\">Ba\u015fvuru Formu<\/h1>\t\t\t\t<\/div>\n\t\t\t\t<\/div>\n\t\t\t\t\t<\/div>\n\t\t<\/div>\n\t\t\t\t\t<\/div>\n\t\t<\/section>\n\t\t\t\t<section class=\"elementor-section elementor-top-section elementor-element elementor-element-c10a37e elementor-section-boxed elementor-section-height-default elementor-section-height-default\" data-id=\"c10a37e\" data-element_type=\"section\" data-e-type=\"section\">\n\t\t\t\t\t\t<div class=\"elementor-container elementor-column-gap-default\">\n\t\t\t\t\t<div class=\"elementor-column elementor-col-100 elementor-top-column elementor-element elementor-element-1e9b3c7\" data-id=\"1e9b3c7\" data-element_type=\"column\" data-e-type=\"column\">\n\t\t\t<div class=\"elementor-widget-wrap elementor-element-populated\">\n\t\t\t\t\t\t<div class=\"elementor-element elementor-element-b5df05f elementor-widget elementor-widget-spacer\" data-id=\"b5df05f\" data-element_type=\"widget\" data-e-type=\"widget\" data-widget_type=\"spacer.default\">\n\t\t\t\t<div class=\"elementor-widget-container\">\n\t\t\t\t\t\t\t<div class=\"elementor-spacer\">\n\t\t\t<div class=\"elementor-spacer-inner\"><\/div>\n\t\t<\/div>\n\t\t\t\t\t\t<\/div>\n\t\t\t\t<\/div>\n\t\t\t\t\t<\/div>\n\t\t<\/div>\n\t\t\t\t\t<\/div>\n\t\t<\/section>\n\t\t\t\t<section class=\"elementor-section elementor-top-section elementor-element elementor-element-cc922e2 elementor-section-boxed elementor-section-height-default elementor-section-height-default\" data-id=\"cc922e2\" data-element_type=\"section\" data-e-type=\"section\">\n\t\t\t\t\t\t<div class=\"elementor-container elementor-column-gap-default\">\n\t\t\t\t\t<div class=\"elementor-column elementor-col-100 elementor-top-column elementor-element elementor-element-814172a\" data-id=\"814172a\" data-element_type=\"column\" data-e-type=\"column\">\n\t\t\t<div class=\"elementor-widget-wrap elementor-element-populated\">\n\t\t\t\t\t\t<div class=\"elementor-element elementor-element-57d1f6c elementor-widget elementor-widget-wp-widget-frm_show_form\" data-id=\"57d1f6c\" data-element_type=\"widget\" data-e-type=\"widget\" data-widget_type=\"wp-widget-frm_show_form.default\">\n\t\t\t\t<div class=\"elementor-widget-container\">\n\t\t\t\t\t<div class=\"frm_form_widget\"><div class=\"frm_forms  with_frm_style frm_style_formidable-style\" id=\"frm_form_1_container\" >\n<form enctype=\"multipart\/form-data\" method=\"post\" class=\"frm-show-form \" id=\"form_contact-form\" >\n<div class=\"frm_form_fields \">\n<fieldset>\n<legend class=\"frm_screen_reader\">Contact Us<\/legend>\r\n\r\n<div class=\"frm_fields_container\">\n<input type=\"hidden\" name=\"frm_action\" value=\"create\" \/>\n<input type=\"hidden\" name=\"form_id\" value=\"1\" \/>\n<input type=\"hidden\" name=\"frm_hide_fields_1\" id=\"frm_hide_fields_1\" value=\"\" \/>\n<input type=\"hidden\" name=\"form_key\" value=\"contact-form\" \/>\n<input type=\"hidden\" name=\"item_meta[0]\" value=\"\" \/>\n<input type=\"hidden\" id=\"frm_submit_entry_1\" name=\"frm_submit_entry_1\" value=\"3a4000fa6f\" \/><input type=\"hidden\" name=\"_wp_http_referer\" value=\"\/en\/wp-json\/wp\/v2\/pages\/601\" \/><div id=\"frm_field_1_container\" class=\"frm_form_field form-field  frm_required_field frm_top_container frm_first frm_half\">\r\n    <label for=\"field_qh4icy\" id=\"field_qh4icy_label\" class=\"frm_primary_label\">Ad\r\n        <span class=\"frm_required\">*<\/span>\r\n    <\/label>\r\n    <input type=\"text\" id=\"field_qh4icy\" name=\"item_meta[1]\" value=\"\"  data-reqmsg=\"Ad cannot be blank.\" aria-required=\"true\" data-invmsg=\"Name is invalid\" aria-invalid=\"false\"   aria-describedby=\"frm_desc_field_qh4icy\"\/>\r\n    <div class=\"frm_description\" id=\"frm_desc_field_qh4icy\">Ad<\/div>\r\n    \r\n<\/div>\n<div id=\"frm_field_2_container\" class=\"frm_form_field form-field  frm_required_field frm_hidden_container frm_half\">\r\n    <label for=\"field_ocfup1\" id=\"field_ocfup1_label\" class=\"frm_primary_label\">Soyad\r\n        <span class=\"frm_required\">*<\/span>\r\n    <\/label>\r\n    <input type=\"text\" id=\"field_ocfup1\" name=\"item_meta[2]\" value=\"\"  data-reqmsg=\"Soyad cannot be blank.\" aria-required=\"true\" data-invmsg=\"Last is invalid\" aria-invalid=\"false\"   aria-describedby=\"frm_desc_field_ocfup1\"\/>\r\n    <div class=\"frm_description\" id=\"frm_desc_field_ocfup1\">Soyad<\/div>\r\n    \r\n<\/div>\n<div id=\"frm_field_3_container\" class=\"frm_form_field form-field  frm_required_field frm_top_container frm_full\">\r\n    <label for=\"field_29yf4d\" id=\"field_29yf4d_label\" class=\"frm_primary_label\">Email\r\n        <span class=\"frm_required\">*<\/span>\r\n    <\/label>\r\n    <input type=\"email\" id=\"field_29yf4d\" name=\"item_meta[3]\" value=\"\"  data-reqmsg=\"Email cannot be blank.\" aria-required=\"true\" data-invmsg=\"Please enter a valid email address\" aria-invalid=\"false\"  \/>\r\n    \r\n    \r\n<\/div>\n<div id=\"frm_field_6_container\" class=\"frm_form_field form-field  frm_required_field frm_top_container\">\r\n    <label for=\"field_2dmgz\" id=\"field_2dmgz_label\" class=\"frm_primary_label\">Telefon\r\n        <span class=\"frm_required\">*<\/span>\r\n    <\/label>\r\n    <input type=\"number\" id=\"field_2dmgz\" name=\"item_meta[6]\" value=\"\"  data-reqmsg=\"Telefon cannot be blank.\" aria-required=\"true\" data-invmsg=\"Number is invalid\" aria-invalid=\"false\"   min=\"0\" max=\"99999999999\" step=\"any\"\/>\r\n    \r\n    \r\n<\/div>\n<div id=\"frm_field_16_container\" class=\"frm_form_field form-field  frm_top_container\">\n    <label for=\"field_b7x57\" id=\"field_b7x57_label\" class=\"frm_primary_label\">Web siteniz\n        <span class=\"frm_required\"><\/span>\n    <\/label>\n    <input type=\"url\" id=\"field_b7x57\" name=\"item_meta[16]\" value=\"\"  data-invmsg=\"Website\/URL is invalid\" aria-invalid=\"false\"  \/>\n    \n    \n<\/div>\n<div id=\"frm_field_9_container\" class=\"frm_form_field form-field  frm_required_field frm_top_container\">\r\n    <label for=\"field_p81pb\" id=\"field_p81pb_label\" class=\"frm_primary_label\">Okudu\u011funuz Okul\r\n        <span class=\"frm_required\">*<\/span>\r\n    <\/label>\r\n    <input type=\"text\" id=\"field_p81pb\" name=\"item_meta[9]\" value=\"\"  data-reqmsg=\"Okudu\u011funuz Okul cannot be blank.\" aria-required=\"true\" data-invmsg=\"Text is invalid\" aria-invalid=\"false\"  \/>\r\n    \r\n    \r\n<\/div>\n<div id=\"frm_field_7_container\" class=\"frm_form_field form-field  frm_required_field frm_top_container vertical_radio\">\r\n    <div  id=\"field_d32aa_label\" class=\"frm_primary_label\">Se\u00e7iniz\r\n        <span class=\"frm_required\">*<\/span>\r\n    <\/div>\r\n    <div class=\"frm_opt_container\" aria-labelledby=\"field_d32aa_label\" role=\"group\">\t\t<div class=\"frm_checkbox\" id=\"frm_checkbox_7-0\">\t\t\t<label  for=\"field_d32aa-0\">\n\t\t\t<input type=\"checkbox\" name=\"item_meta[7][]\" id=\"field_d32aa-0\" value=\"\u00dcN\u0130VERS\u0130TE TEMS\u0130LC\u0130S\u0130\"  data-reqmsg=\"Se\u00e7iniz cannot be blank.\" data-invmsg=\"Se\u00e7iniz is invalid\"   aria-required=\"true\"  \/> \u00dcN\u0130VERS\u0130TE TEMS\u0130LC\u0130S\u0130<\/label><\/div>\n\t\t<div class=\"frm_checkbox\" id=\"frm_checkbox_7-1\">\t\t\t<label  for=\"field_d32aa-1\">\n\t\t\t<input type=\"checkbox\" name=\"item_meta[7][]\" id=\"field_d32aa-1\" value=\"ARA\u015eTIRMACI\"  data-reqmsg=\"Se\u00e7iniz cannot be blank.\" data-invmsg=\"Se\u00e7iniz is invalid\"   \/> ARA\u015eTIRMACI<\/label><\/div>\n\t\t<div class=\"frm_checkbox\" id=\"frm_checkbox_7-2\">\t\t\t<label  for=\"field_d32aa-2\">\n\t\t\t<input type=\"checkbox\" name=\"item_meta[7][]\" id=\"field_d32aa-2\" value=\"PROGRAMLAMA\"  data-reqmsg=\"Se\u00e7iniz cannot be blank.\" data-invmsg=\"Se\u00e7iniz is invalid\"   \/> PROGRAMLAMA<\/label><\/div>\n\t\t<div class=\"frm_checkbox\" id=\"frm_checkbox_7-3\">\t\t\t<label  for=\"field_d32aa-3\">\n\t\t\t<input type=\"checkbox\" name=\"item_meta[7][]\" id=\"field_d32aa-3\" value=\"ED\u0130T\u00d6R\"  data-reqmsg=\"Se\u00e7iniz cannot be blank.\" data-invmsg=\"Se\u00e7iniz is invalid\"   \/> ED\u0130T\u00d6R<\/label><\/div>\n<\/div>\r\n    \r\n    \r\n<\/div>\n<div id=\"frm_field_17_container\" class=\"frm_form_field form-field  frm_required_field frm_top_container vertical_radio\">\n    <div  id=\"field_4q6dl_label\" class=\"frm_primary_label\">Bizi Nas\u0131l Buldunuz?\n        <span class=\"frm_required\" aria-hidden=\"true\">*<\/span>\n    <\/div>\n    <div class=\"frm_opt_container\" aria-labelledby=\"field_4q6dl_label\" role=\"group\">\t\t<div class=\"frm_checkbox\" id=\"frm_checkbox_17-0\">\t\t\t<label  for=\"field_4q6dl-0\">\n\t\t\t<input type=\"checkbox\" name=\"item_meta[17][]\" id=\"field_4q6dl-0\" value=\"Arama Motoru\"  data-reqmsg=\"Bizi Nas\u0131l Buldunuz? cannot be blank.\" data-invmsg=\"Bizi Nas\u0131l Buldunuz? is invalid\"   aria-required=\"true\"  \/> Arama Motoru<\/label><\/div>\n\t\t<div class=\"frm_checkbox\" id=\"frm_checkbox_17-1\">\t\t\t<label  for=\"field_4q6dl-1\">\n\t\t\t<input type=\"checkbox\" name=\"item_meta[17][]\" id=\"field_4q6dl-1\" value=\"Sosyal Medya\"  data-reqmsg=\"Bizi Nas\u0131l Buldunuz? cannot be blank.\" data-invmsg=\"Bizi Nas\u0131l Buldunuz? is invalid\"   \/> Sosyal Medya<\/label><\/div>\n\t\t<div class=\"frm_checkbox\" id=\"frm_checkbox_17-3\">\t\t\t<label  for=\"field_4q6dl-3\">\n\t\t\t<input type=\"checkbox\" name=\"item_meta[17][]\" id=\"field_4q6dl-3\" value=\"Reklam\"  data-reqmsg=\"Bizi Nas\u0131l Buldunuz? cannot be blank.\" data-invmsg=\"Bizi Nas\u0131l Buldunuz? is invalid\"   \/> Reklam<\/label><\/div>\n\t\t<div class=\"frm_checkbox\" id=\"frm_checkbox_17-2\">\t\t\t<label  for=\"field_4q6dl-2\">\n\t\t\t<input type=\"checkbox\" name=\"item_meta[17][]\" id=\"field_4q6dl-2\" value=\"\u00d6neri\"  data-reqmsg=\"Bizi Nas\u0131l Buldunuz? cannot be blank.\" data-invmsg=\"Bizi Nas\u0131l Buldunuz? is invalid\"   \/> \u00d6neri<\/label><\/div>\n<\/div>\n    \n    \n<\/div>\n<div id=\"frm_field_5_container\" class=\"frm_form_field form-field  frm_required_field frm_top_container frm_full\">\r\n    <label for=\"field_9jv0r1\" id=\"field_9jv0r1_label\" class=\"frm_primary_label\">Bize Kendinizden Bahsedin\r\n        <span class=\"frm_required\">*<\/span>\r\n    <\/label>\r\n    <textarea name=\"item_meta[5]\" id=\"field_9jv0r1\" rows=\"5\"  data-reqmsg=\"Bize Kendinizden Bahsedin cannot be blank.\" aria-required=\"true\" data-invmsg=\"Bize Kendinizden Bahsedin is invalid\" aria-invalid=\"false\"  ><\/textarea>\r\n    \r\n    \r\n<\/div>\n\t<input type=\"hidden\" name=\"item_key\" value=\"\" \/>\n\t\t\t<div id=\"frm_field_37_container\">\n\t\t\t<label for=\"field_g6uzu\" >\n\t\t\t\tIf you are human, leave this field blank.\t\t\t<\/label>\n\t\t\t<input  id=\"field_g6uzu\" type=\"text\" class=\"frm_form_field form-field frm_verify\" name=\"item_meta[37]\" value=\"\"  \/>\n\t\t<\/div>\n\t\t<input name=\"frm_state\" type=\"hidden\" value=\"OzV1SdDv04paLMP+bbtK2x9Zdevew8IsSukwDdbrc90=\" \/><div class=\"frm_submit\">\r\n\r\n<button class=\"frm_button_submit\" type=\"submit\"  >G\u00f6nder<\/button>\r\n\r\n<\/div><\/div>\n<\/fieldset>\n<\/div>\n\n<\/form>\n<\/div>\n<\/div>\t\t\t\t<\/div>\n\t\t\t\t<\/div>\n\t\t\t\t\t<\/div>\n\t\t<\/div>\n\t\t\t\t\t<\/div>\n\t\t<\/section>\n\t\t\t\t<\/div>\n\t\t","protected":false},"excerpt":{"rendered":"<p>Ba\u015fvuru Formu<\/p>","protected":false},"author":1,"featured_media":0,"parent":64,"menu_order":0,"comment_status":"closed","ping_status":"closed","template":"","meta":{"footnotes":""},"class_list":["post-601","page","type-page","status-publish","hentry"],"_links":{"self":[{"href":"https:\/\/aix.web.tr\/en\/wp-json\/wp\/v2\/pages\/601","targetHints":{"allow":["GET"]}}],"collection":[{"href":"https:\/\/aix.web.tr\/en\/wp-json\/wp\/v2\/pages"}],"about":[{"href":"https:\/\/aix.web.tr\/en\/wp-json\/wp\/v2\/types\/page"}],"author":[{"embeddable":true,"href":"https:\/\/aix.web.tr\/en\/wp-json\/wp\/v2\/users\/1"}],"replies":[{"embeddable":true,"href":"https:\/\/aix.web.tr\/en\/wp-json\/wp\/v2\/comments?post=601"}],"version-history":[{"count":0,"href":"https:\/\/aix.web.tr\/en\/wp-json\/wp\/v2\/pages\/601\/revisions"}],"up":[{"embeddable":true,"href":"https:\/\/aix.web.tr\/en\/wp-json\/wp\/v2\/pages\/64"}],"wp:attachment":[{"href":"https:\/\/aix.web.tr\/en\/wp-json\/wp\/v2\/media?parent=601"}],"curies":[{"name":"wp","href":"https:\/\/api.w.org\/{rel}","templated":true}]}}